{"id":2241,"date":"2024-04-11T05:25:45","date_gmt":"2024-04-11T05:25:45","guid":{"rendered":"http:\/\/192.168.1.34\/?page_id=2241"},"modified":"2025-03-11T10:42:36","modified_gmt":"2025-03-11T10:42:36","slug":"public-ip-bestilling","status":"publish","type":"page","link":"https:\/\/kolonihavenet.dk\/index.php\/public-ip-bestilling\/","title":{"rendered":"Public IP bestilling"},"content":{"rendered":"\t\t<div data-elementor-type=\"wp-page\" data-elementor-id=\"2241\" class=\"elementor elementor-2241\" data-elementor-post-type=\"page\">\n\t\t\t\t\t\t<section class=\"elementor-section elementor-top-section elementor-element elementor-element-9c97afa elementor-section-boxed elementor-section-height-default elementor-section-height-default\" data-id=\"9c97afa\" data-element_type=\"section\">\n\t\t\t\t\t\t<div class=\"elementor-container elementor-column-gap-default\">\n\t\t\t\t\t<div class=\"elementor-column elementor-col-100 elementor-top-column elementor-element elementor-element-9c210f2\" data-id=\"9c210f2\" data-element_type=\"column\">\n\t\t\t<div class=\"elementor-widget-wrap elementor-element-populated\">\n\t\t\t\t\t\t<div class=\"elementor-element elementor-element-f1c9ffe elementor-widget elementor-widget-wp-widget-wpforms-widget\" data-id=\"f1c9ffe\" data-element_type=\"widget\" data-widget_type=\"wp-widget-wpforms-widget.default\">\n\t\t\t\t<div class=\"elementor-widget-container\">\n\t\t\t\t\t<div class=\"wpforms-container wpforms-container-full wpforms-render-modern\" id=\"wpforms-2430\"><form id=\"wpforms-form-2430\" class=\"wpforms-validate wpforms-form\" data-formid=\"2430\" method=\"post\" enctype=\"multipart\/form-data\" action=\"\/index.php\/wp-json\/wp\/v2\/pages\/2241\" data-token=\"d0e964e7c2df9a95ca4d56bc82094e84\" data-token-time=\"1778846909\"><noscript class=\"wpforms-error-noscript\">Please enable JavaScript in your browser to complete this form.<\/noscript><div class=\"wpforms-hidden\" id=\"wpforms-error-noscript\">Please enable JavaScript in your browser to complete this form.<\/div><div class=\"wpforms-field-container\"><div id=\"wpforms-2430-field_0-container\" class=\"wpforms-field wpforms-field-name\" data-field-id=\"0\"><fieldset><legend class=\"wpforms-field-label\">Navn <span class=\"wpforms-required-label\" aria-hidden=\"true\">*<\/span><\/legend><div class=\"wpforms-field-row wpforms-field-medium\"><div class=\"wpforms-field-row-block wpforms-first wpforms-one-half\"><input type=\"text\" id=\"wpforms-2430-field_0\" class=\"wpforms-field-name-first wpforms-field-required\" name=\"wpforms[fields][0][first]\" placeholder=\"Fornavn\" aria-errormessage=\"wpforms-2430-field_0-error\" required><label for=\"wpforms-2430-field_0\" class=\"wpforms-field-sublabel after wpforms-sublabel-hide\">First<\/label><\/div><div class=\"wpforms-field-row-block wpforms-one-half\"><input type=\"text\" id=\"wpforms-2430-field_0-last\" class=\"wpforms-field-name-last wpforms-field-required\" name=\"wpforms[fields][0][last]\" placeholder=\"Efternavn\" aria-errormessage=\"wpforms-2430-field_0-last-error\" required><label for=\"wpforms-2430-field_0-last\" class=\"wpforms-field-sublabel after wpforms-sublabel-hide\">Last<\/label><\/div><\/div><\/fieldset><\/div><div id=\"wpforms-2430-field_1-container\" class=\"wpforms-field wpforms-field-text\" data-field-id=\"1\"><label class=\"wpforms-field-label\" for=\"wpforms-2430-field_1\">Haveforenings Navn <span class=\"wpforms-required-label\" aria-hidden=\"true\">*<\/span><\/label><input type=\"text\" id=\"wpforms-2430-field_1\" class=\"wpforms-field-medium wpforms-field-required\" name=\"wpforms[fields][1]\" aria-errormessage=\"wpforms-2430-field_1-error\" required><\/div><div id=\"wpforms-2430-field_2-container\" class=\"wpforms-field wpforms-field-text\" data-field-id=\"2\"><label class=\"wpforms-field-label\" for=\"wpforms-2430-field_2\">Have Nummer <span class=\"wpforms-required-label\" aria-hidden=\"true\">*<\/span><\/label><input type=\"text\" id=\"wpforms-2430-field_2\" class=\"wpforms-field-small wpforms-field-required\" name=\"wpforms[fields][2]\" aria-errormessage=\"wpforms-2430-field_2-error\" required><\/div><div id=\"wpforms-2430-field_5-container\" class=\"wpforms-field wpforms-field-text\" data-field-id=\"5\"><label class=\"wpforms-field-label\" for=\"wpforms-2430-field_5\">Telefonnummer <span class=\"wpforms-required-label\" aria-hidden=\"true\">*<\/span><\/label><input type=\"text\" id=\"wpforms-2430-field_5\" class=\"wpforms-field-small wpforms-field-required\" name=\"wpforms[fields][5]\" aria-errormessage=\"wpforms-2430-field_5-error\" required><\/div><div id=\"wpforms-2430-field_6-container\" class=\"wpforms-field wpforms-field-text\" data-field-id=\"6\"><label class=\"wpforms-field-label\" for=\"wpforms-2430-field_6\">Email <span class=\"wpforms-required-label\" aria-hidden=\"true\">*<\/span><\/label><input type=\"text\" id=\"wpforms-2430-field_6\" class=\"wpforms-field-small wpforms-field-required\" name=\"wpforms[fields][6]\" aria-errormessage=\"wpforms-2430-field_6-error\" required><\/div><div id=\"wpforms-2430-field_29-container\" class=\"wpforms-field wpforms-field-text\" data-field-id=\"29\"><label class=\"wpforms-field-label\" for=\"wpforms-2430-field_29\">Router MAC-adresse <span class=\"wpforms-required-label\" aria-hidden=\"true\">*<\/span><\/label><input type=\"text\" id=\"wpforms-2430-field_29\" class=\"wpforms-field-small wpforms-field-required\" name=\"wpforms[fields][29]\" aria-errormessage=\"wpforms-2430-field_29-error\" required><\/div><div id=\"wpforms-2430-field_28-container\" class=\"wpforms-field wpforms-field-date-time\" data-field-id=\"28\"><label class=\"wpforms-field-label\" for=\"wpforms-2430-field_28\">\u00d8nsket dato for aktivering af public IP <span class=\"wpforms-required-label\" aria-hidden=\"true\">*<\/span><\/label><div class=\"wpforms-datepicker-wrap\"><input type=\"text\" id=\"wpforms-2430-field_28\" class=\"wpforms-field-date-time-date wpforms-datepicker wpforms-field-required wpforms-field-small\" data-date-format=\"d\/m\/Y\" data-disable-past-dates=\"1\" data-disable-todays-date=\"0\" data-input=\"true\" name=\"wpforms[fields][28][date]\" aria-errormessage=\"wpforms-2430-field_28-error\" required><a title=\"Clear Date\" data-clear class=\"wpforms-datepicker-clear\" style=\"display:none;\"><\/a><\/div><\/div><div id=\"wpforms-2430-field_14-container\" class=\"wpforms-field wpforms-field-checkbox\" data-field-id=\"14\"><fieldset><legend class=\"wpforms-field-label\">Jeg bekr\u00e6fter herunder at jeg accepterer abonnementsvilk\u00e5r <span class=\"wpforms-required-label\" aria-hidden=\"true\">*<\/span><\/legend><ul id=\"wpforms-2430-field_14\" class=\"wpforms-field-required\"><li class=\"choice-1 depth-1\"><input type=\"checkbox\" id=\"wpforms-2430-field_14_1\" name=\"wpforms[fields][14][]\" value=\"Ja\" aria-errormessage=\"wpforms-2430-field_14_1-error\" aria-describedby=\"wpforms-2430-field_14-description\" required ><label class=\"wpforms-field-label-inline\" for=\"wpforms-2430-field_14_1\">Ja<\/label><\/li><\/ul><div id=\"wpforms-2430-field_14-description\" class=\"wpforms-field-description\"><a href=\"https:\/\/kolonihavenet.dk\/pdf\/abnkolonihavenet.pdf\" target=\"_blank\">Se abonnements vilk\u00e5r Internet ( \u00e5bner i nyt vindue ) <\/a> \r\n<br>\r\n\r\n<\/div><\/fieldset><\/div><div id=\"wpforms-2430-field_30-container\" class=\"wpforms-field wpforms-field-checkbox\" data-field-id=\"30\"><fieldset><legend class=\"wpforms-field-label\">Jeg bekr\u00e6fter at prisen p\u00e5 29kr pr.md tilf\u00f8jes til mit abonnement <span class=\"wpforms-required-label\" aria-hidden=\"true\">*<\/span><\/legend><ul id=\"wpforms-2430-field_30\" class=\"wpforms-field-required\"><li class=\"choice-1 depth-1\"><input type=\"checkbox\" id=\"wpforms-2430-field_30_1\" name=\"wpforms[fields][30][]\" value=\"Ja\" aria-errormessage=\"wpforms-2430-field_30_1-error\" required ><label class=\"wpforms-field-label-inline\" for=\"wpforms-2430-field_30_1\">Ja<\/label><\/li><\/ul><\/fieldset><\/div><\/div><!-- .wpforms-field-container --><div class=\"wpforms-submit-container\" ><input type=\"hidden\" name=\"wpforms[id]\" value=\"2430\"><input type=\"hidden\" name=\"page_title\" value=\"\"><input type=\"hidden\" name=\"page_url\" value=\"https:\/\/kolonihavenet.dk\/index.php\/wp-json\/wp\/v2\/pages\/2241\"><input type=\"hidden\" name=\"url_referer\" value=\"\"><button type=\"submit\" name=\"wpforms[submit]\" id=\"wpforms-submit-2430\" class=\"wpforms-submit\" data-alt-text=\"Sender..\" data-submit-text=\"Send\" aria-live=\"assertive\" value=\"wpforms-submit\">Send<\/button><\/div><\/form><\/div>  <!-- .wpforms-container -->\t\t\t\t<\/div>\n\t\t\t\t<\/div>\n\t\t\t\t\t<\/div>\n\t\t<\/div>\n\t\t\t\t\t<\/div>\n\t\t<\/section>\n\t\t\t\t<\/div>\n\t\t","protected":false},"excerpt":{"rendered":"","protected":false},"author":1,"featured_media":0,"parent":0,"menu_order":0,"comment_status":"closed","ping_status":"closed","template":"elementor_header_footer","meta":{"footnotes":""},"class_list":["post-2241","page","type-page","status-publish","hentry"],"_links":{"self":[{"href":"https:\/\/kolonihavenet.dk\/index.php\/wp-json\/wp\/v2\/pages\/2241","targetHints":{"allow":["GET"]}}],"collection":[{"href":"https:\/\/kolonihavenet.dk\/index.php\/wp-json\/wp\/v2\/pages"}],"about":[{"href":"https:\/\/kolonihavenet.dk\/index.php\/wp-json\/wp\/v2\/types\/page"}],"author":[{"embeddable":true,"href":"https:\/\/kolonihavenet.dk\/index.php\/wp-json\/wp\/v2\/users\/1"}],"replies":[{"embeddable":true,"href":"https:\/\/kolonihavenet.dk\/index.php\/wp-json\/wp\/v2\/comments?post=2241"}],"version-history":[{"count":3,"href":"https:\/\/kolonihavenet.dk\/index.php\/wp-json\/wp\/v2\/pages\/2241\/revisions"}],"predecessor-version":[{"id":2449,"href":"https:\/\/kolonihavenet.dk\/index.php\/wp-json\/wp\/v2\/pages\/2241\/revisions\/2449"}],"wp:attachment":[{"href":"https:\/\/kolonihavenet.dk\/index.php\/wp-json\/wp\/v2\/media?parent=2241"}],"curies":[{"name":"wp","href":"https:\/\/api.w.org\/{rel}","templated":true}]}}