{"id":1976,"date":"2021-08-05T12:24:33","date_gmt":"2021-08-05T12:24:33","guid":{"rendered":"http:\/\/192.168.1.34\/?page_id=1976"},"modified":"2025-03-11T10:42:18","modified_gmt":"2025-03-11T10:42:18","slug":"opsigelse","status":"publish","type":"page","link":"https:\/\/kolonihavenet.dk\/index.php\/opsigelse\/","title":{"rendered":"Opsigelse"},"content":{"rendered":"\t\t<div data-elementor-type=\"wp-page\" data-elementor-id=\"1976\" class=\"elementor elementor-1976\" data-elementor-post-type=\"page\">\n\t\t\t\t\t\t<section class=\"elementor-section elementor-top-section elementor-element elementor-element-08f6455 elementor-section-boxed elementor-section-height-default elementor-section-height-default\" data-id=\"08f6455\" data-element_type=\"section\">\n\t\t\t\t\t\t<div class=\"elementor-container elementor-column-gap-default\">\n\t\t\t\t\t<div class=\"elementor-column elementor-col-100 elementor-top-column elementor-element elementor-element-88c4d0e\" data-id=\"88c4d0e\" data-element_type=\"column\">\n\t\t\t<div class=\"elementor-widget-wrap elementor-element-populated\">\n\t\t\t\t\t\t<div class=\"elementor-element elementor-element-e907697 elementor-widget elementor-widget-wpforms\" data-id=\"e907697\" data-element_type=\"widget\" data-widget_type=\"wpforms.default\">\n\t\t\t\t<div class=\"elementor-widget-container\">\n\t\t\t\t\t<style id=\"wpforms-css-vars-elementor-widget-e907697\">\n\t\t\t\t.elementor-widget-wpforms.elementor-element-e907697 {\n\t\t\t\t--wpforms-field-size-input-height: 43px;\n--wpforms-field-size-input-spacing: 15px;\n--wpforms-field-size-font-size: 16px;\n--wpforms-field-size-line-height: 19px;\n--wpforms-field-size-padding-h: 14px;\n--wpforms-field-size-checkbox-size: 16px;\n--wpforms-field-size-sublabel-spacing: 5px;\n--wpforms-field-size-icon-size: 1;\n--wpforms-label-size-font-size: 16px;\n--wpforms-label-size-line-height: 19px;\n--wpforms-label-size-sublabel-font-size: 14px;\n--wpforms-label-size-sublabel-line-height: 17px;\n--wpforms-button-size-font-size: 17px;\n--wpforms-button-size-height: 41px;\n--wpforms-button-size-padding-h: 15px;\n--wpforms-button-size-margin-top: 10px;\n\n\t\t\t}\n\t\t\t<\/style><div class=\"wpforms-container wpforms-container-full wpforms-render-modern\" id=\"wpforms-2436\"><form id=\"wpforms-form-2436\" class=\"wpforms-validate wpforms-form\" data-formid=\"2436\" method=\"post\" enctype=\"multipart\/form-data\" action=\"\/index.php\/wp-json\/wp\/v2\/pages\/1976\" data-token=\"d2d5a10c31ab57a2201a37282ef188c3\" data-token-time=\"1778849845\"><noscript class=\"wpforms-error-noscript\">Please enable JavaScript in your browser to complete this form.<\/noscript><div class=\"wpforms-hidden\" id=\"wpforms-error-noscript\">Please enable JavaScript in your browser to complete this form.<\/div><div class=\"wpforms-field-container\"><div id=\"wpforms-2436-field_1-container\" class=\"wpforms-field wpforms-field-name\" data-field-id=\"1\"><fieldset><legend class=\"wpforms-field-label\">Navn <span class=\"wpforms-required-label\" aria-hidden=\"true\">*<\/span><\/legend><div class=\"wpforms-field-row wpforms-field-medium\"><div class=\"wpforms-field-row-block wpforms-first wpforms-one-half\"><input type=\"text\" id=\"wpforms-2436-field_1\" class=\"wpforms-field-name-first wpforms-field-required\" name=\"wpforms[fields][1][first]\" placeholder=\"Fornavn\" aria-errormessage=\"wpforms-2436-field_1-error\" required><label for=\"wpforms-2436-field_1\" class=\"wpforms-field-sublabel after wpforms-sublabel-hide\">First<\/label><\/div><div class=\"wpforms-field-row-block wpforms-one-half\"><input type=\"text\" id=\"wpforms-2436-field_1-last\" class=\"wpforms-field-name-last wpforms-field-required\" name=\"wpforms[fields][1][last]\" placeholder=\"Efternavn\" aria-errormessage=\"wpforms-2436-field_1-last-error\" required><label for=\"wpforms-2436-field_1-last\" class=\"wpforms-field-sublabel after wpforms-sublabel-hide\">Last<\/label><\/div><\/div><\/fieldset><\/div><div id=\"wpforms-2436-field_2-container\" class=\"wpforms-field wpforms-field-text\" data-field-id=\"2\"><label class=\"wpforms-field-label\" for=\"wpforms-2436-field_2\">Gadenavn <span class=\"wpforms-required-label\" aria-hidden=\"true\">*<\/span><\/label><input type=\"text\" id=\"wpforms-2436-field_2\" class=\"wpforms-field-medium wpforms-field-required\" name=\"wpforms[fields][2]\" aria-errormessage=\"wpforms-2436-field_2-error\" required><\/div><div id=\"wpforms-2436-field_3-container\" class=\"wpforms-field wpforms-field-text\" data-field-id=\"3\"><label class=\"wpforms-field-label\" for=\"wpforms-2436-field_3\">Husnummer <span class=\"wpforms-required-label\" aria-hidden=\"true\">*<\/span><\/label><input type=\"text\" id=\"wpforms-2436-field_3\" class=\"wpforms-field-small wpforms-field-required\" name=\"wpforms[fields][3]\" aria-errormessage=\"wpforms-2436-field_3-error\" required><\/div><div id=\"wpforms-2436-field_6-container\" class=\"wpforms-field wpforms-field-email\" data-field-id=\"6\"><fieldset><legend class=\"wpforms-field-label\">Email <span class=\"wpforms-required-label\" aria-hidden=\"true\">*<\/span><\/legend><div class=\"wpforms-field-row wpforms-field-medium\"><div class=\"wpforms-field-row-block wpforms-one-half wpforms-first\"><input type=\"email\" id=\"wpforms-2436-field_6\" class=\"wpforms-field-required wpforms-field-email-primary\" name=\"wpforms[fields][6][primary]\" spellcheck=\"false\" aria-errormessage=\"wpforms-2436-field_6-error\" required><label for=\"wpforms-2436-field_6\" class=\"wpforms-field-sublabel after\">Email<\/label><\/div><div class=\"wpforms-field-row-block wpforms-one-half\"><input type=\"email\" id=\"wpforms-2436-field_6-secondary\" class=\"wpforms-field-email-secondary wpforms-field-required\" data-rule-confirm=\"#wpforms-2436-field_6\" name=\"wpforms[fields][6][secondary]\" spellcheck=\"false\" aria-errormessage=\"wpforms-2436-field_6-secondary-error\" required><label for=\"wpforms-2436-field_6-secondary\" class=\"wpforms-field-sublabel after\">Confirm Email<\/label><\/div><\/div><\/fieldset><\/div><div id=\"wpforms-2436-field_22-container\" class=\"wpforms-field wpforms-field-text\" data-field-id=\"22\"><label class=\"wpforms-field-label\" for=\"wpforms-2436-field_22\">Telefonnummer <span class=\"wpforms-required-label\" aria-hidden=\"true\">*<\/span><\/label><input type=\"text\" id=\"wpforms-2436-field_22\" class=\"wpforms-field-small wpforms-field-required\" name=\"wpforms[fields][22]\" aria-errormessage=\"wpforms-2436-field_22-error\" required><\/div><div id=\"wpforms-2436-field_8-container\" class=\"wpforms-field wpforms-field-checkbox wpforms-conditional-trigger\" data-field-id=\"8\"><fieldset><legend class=\"wpforms-field-label\">Jeg \u00f8nsker at afmelde f\u00f8lgende produkter <span class=\"wpforms-required-label\" aria-hidden=\"true\">*<\/span><\/legend><ul id=\"wpforms-2436-field_8\" class=\"wpforms-field-required\"><li class=\"choice-1 depth-1\"><input type=\"checkbox\" id=\"wpforms-2436-field_8_1\" name=\"wpforms[fields][8][]\" value=\"Internet\" aria-errormessage=\"wpforms-2436-field_8_1-error\" required ><label class=\"wpforms-field-label-inline\" for=\"wpforms-2436-field_8_1\">Internet<\/label><\/li><li class=\"choice-2 depth-1\"><input type=\"checkbox\" id=\"wpforms-2436-field_8_2\" name=\"wpforms[fields][8][]\" value=\"TV\" aria-errormessage=\"wpforms-2436-field_8_2-error\" required ><label class=\"wpforms-field-label-inline\" for=\"wpforms-2436-field_8_2\">TV<\/label><\/li><li class=\"choice-3 depth-1\"><input type=\"checkbox\" id=\"wpforms-2436-field_8_3\" name=\"wpforms[fields][8][]\" value=\"Tilvalgskanaler\" aria-errormessage=\"wpforms-2436-field_8_3-error\" required ><label class=\"wpforms-field-label-inline\" for=\"wpforms-2436-field_8_3\">Tilvalgskanaler<\/label><\/li><\/ul><\/fieldset><\/div><div id=\"wpforms-2436-field_32-container\" class=\"wpforms-field wpforms-field-text wpforms-conditional-field wpforms-conditional-show\" data-field-id=\"32\" style=\"display:none;\"><label class=\"wpforms-field-label\" for=\"wpforms-2436-field_32\">Indtast tilvalgskanaler du \u00f8nsker at opsige. Bem\u00e6rk: der er l\u00f8bende m\u00e5ned + 30 dages opsigelse p\u00e5 tilvalgskanaler <span class=\"wpforms-required-label\" aria-hidden=\"true\">*<\/span><\/label><input type=\"text\" id=\"wpforms-2436-field_32\" class=\"wpforms-field-medium wpforms-field-required\" name=\"wpforms[fields][32]\" aria-errormessage=\"wpforms-2436-field_32-error\" required><\/div><div id=\"wpforms-2436-field_29-container\" class=\"wpforms-field wpforms-field-html\" data-field-id=\"29\"><div id=\"wpforms-2436-field_29\" aria-errormessage=\"wpforms-2436-field_29-error\"><h4>V\u00e6r opm\u00e6rksom p\u00e5 at der er l\u00f8bende m\u00e5ned + 30 dages opsigelse.<\/h4><\/div><\/div><div id=\"wpforms-2436-field_20-container\" class=\"wpforms-field wpforms-field-textarea\" data-field-id=\"20\"><label class=\"wpforms-field-label\" for=\"wpforms-2436-field_20\">\u00c5rsag til udmeldelse <span class=\"wpforms-required-label\" aria-hidden=\"true\">*<\/span><\/label><textarea id=\"wpforms-2436-field_20\" class=\"wpforms-field-medium wpforms-field-required\" name=\"wpforms[fields][20]\" aria-errormessage=\"wpforms-2436-field_20-error\" aria-describedby=\"wpforms-2436-field_20-description\" required><\/textarea><div id=\"wpforms-2436-field_20-description\" class=\"wpforms-field-description\">Vi vil meget gerne kende \u00e5rsagen til din udmeldelse, f.eks flytning eller andet.<\/div><\/div><\/div><!-- .wpforms-field-container --><div class=\"wpforms-field wpforms-field-hp\"><label for=\"wpforms-2436-field-hp\" class=\"wpforms-field-label\">Message<\/label><input type=\"text\" name=\"wpforms[hp]\" id=\"wpforms-2436-field-hp\" class=\"wpforms-field-medium\"><\/div><div class=\"wpforms-submit-container\" ><input type=\"hidden\" name=\"wpforms[id]\" value=\"2436\"><input type=\"hidden\" name=\"page_title\" value=\"\"><input type=\"hidden\" name=\"page_url\" value=\"https:\/\/kolonihavenet.dk\/index.php\/wp-json\/wp\/v2\/pages\/1976\"><input type=\"hidden\" name=\"url_referer\" value=\"\"><button type=\"submit\" name=\"wpforms[submit]\" id=\"wpforms-submit-2436\" class=\"wpforms-submit\" data-alt-text=\"Sender...\" data-submit-text=\"Send\" aria-live=\"assertive\" value=\"wpforms-submit\">Send<\/button><\/div><\/form><\/div>  <!-- .wpforms-container -->\t\t\t\t<\/div>\n\t\t\t\t<\/div>\n\t\t\t\t\t<\/div>\n\t\t<\/div>\n\t\t\t\t\t<\/div>\n\t\t<\/section>\n\t\t\t\t<\/div>\n\t\t","protected":false},"excerpt":{"rendered":"<p>Please enable JavaScript in your browser to complete this form.Please enable JavaScript in your browser to complete this form. Navn * FirstLast Gadenavn *Husnummer * Email * EmailConfirm Email Telefonnummer * Jeg \u00f8nsker at afmelde f\u00f8lgende produkter * Internet TV Tilvalgskanaler Indtast tilvalgskanaler du \u00f8nsker at opsige. Bem\u00e6rk: der er l\u00f8bende m\u00e5ned + 30 dages [&hellip;]<\/p>\n","protected":false},"author":1,"featured_media":0,"parent":0,"menu_order":0,"comment_status":"closed","ping_status":"closed","template":"elementor_header_footer","meta":{"footnotes":""},"class_list":["post-1976","page","type-page","status-publish","hentry"],"_links":{"self":[{"href":"https:\/\/kolonihavenet.dk\/index.php\/wp-json\/wp\/v2\/pages\/1976","targetHints":{"allow":["GET"]}}],"collection":[{"href":"https:\/\/kolonihavenet.dk\/index.php\/wp-json\/wp\/v2\/pages"}],"about":[{"href":"https:\/\/kolonihavenet.dk\/index.php\/wp-json\/wp\/v2\/types\/page"}],"author":[{"embeddable":true,"href":"https:\/\/kolonihavenet.dk\/index.php\/wp-json\/wp\/v2\/users\/1"}],"replies":[{"embeddable":true,"href":"https:\/\/kolonihavenet.dk\/index.php\/wp-json\/wp\/v2\/comments?post=1976"}],"version-history":[{"count":3,"href":"https:\/\/kolonihavenet.dk\/index.php\/wp-json\/wp\/v2\/pages\/1976\/revisions"}],"predecessor-version":[{"id":2446,"href":"https:\/\/kolonihavenet.dk\/index.php\/wp-json\/wp\/v2\/pages\/1976\/revisions\/2446"}],"wp:attachment":[{"href":"https:\/\/kolonihavenet.dk\/index.php\/wp-json\/wp\/v2\/media?parent=1976"}],"curies":[{"name":"wp","href":"https:\/\/api.w.org\/{rel}","templated":true}]}}