{"id":1394,"date":"2018-05-03T07:52:20","date_gmt":"2018-05-03T07:52:20","guid":{"rendered":"http:\/\/customifysites.com\/customify-2018\/?page_id=1394"},"modified":"2025-03-11T16:16:28","modified_gmt":"2025-03-11T16:16:28","slug":"home","status":"publish","type":"page","link":"https:\/\/kolonihavenet.dk\/","title":{"rendered":"Forside"},"content":{"rendered":"\t\t<div data-elementor-type=\"wp-post\" data-elementor-id=\"1394\" class=\"elementor elementor-1394\" data-elementor-post-type=\"page\">\n\t\t\t\t\t\t<section class=\"elementor-section elementor-top-section elementor-element elementor-element-48a8a999 elementor-section-boxed elementor-section-height-default elementor-section-height-default\" data-id=\"48a8a999\" data-element_type=\"section\" data-settings=\"{&quot;background_background&quot;:&quot;classic&quot;}\">\n\t\t\t\t\t\t\t<div class=\"elementor-background-overlay\"><\/div>\n\t\t\t\t\t\t\t<div class=\"elementor-container elementor-column-gap-default\">\n\t\t\t\t\t<div class=\"elementor-column elementor-col-100 elementor-top-column elementor-element elementor-element-55854edd\" data-id=\"55854edd\" data-element_type=\"column\">\n\t\t\t<div class=\"elementor-widget-wrap elementor-element-populated\">\n\t\t\t\t\t\t<div class=\"elementor-element elementor-element-7260f667 elementor-widget elementor-widget-heading\" data-id=\"7260f667\" data-element_type=\"widget\" data-widget_type=\"heading.default\">\n\t\t\t\t<div class=\"elementor-widget-container\">\n\t\t\t\t\t<h2 class=\"elementor-heading-title elementor-size-small\">Kolonihavenet.dk <br>  Lynhurtigt internet, fast lav pris<\/h2>\t\t\t\t<\/div>\n\t\t\t\t<\/div>\n\t\t\t\t\t<\/div>\n\t\t<\/div>\n\t\t\t\t\t<\/div>\n\t\t<\/section>\n\t\t\t\t<section class=\"elementor-section elementor-top-section elementor-element elementor-element-37fe3095 elementor-section-boxed elementor-section-height-default elementor-section-height-default\" data-id=\"37fe3095\" data-element_type=\"section\" data-settings=\"{&quot;background_background&quot;:&quot;classic&quot;}\">\n\t\t\t\t\t\t<div class=\"elementor-container elementor-column-gap-default\">\n\t\t\t\t\t<div class=\"elementor-column elementor-col-100 elementor-top-column elementor-element elementor-element-6c5b8243\" data-id=\"6c5b8243\" data-element_type=\"column\">\n\t\t\t<div class=\"elementor-widget-wrap elementor-element-populated\">\n\t\t\t\t\t\t<section class=\"elementor-section elementor-inner-section elementor-element elementor-element-634cbcfe elementor-section-boxed elementor-section-height-default elementor-section-height-default\" data-id=\"634cbcfe\" data-element_type=\"section\">\n\t\t\t\t\t\t<div class=\"elementor-container elementor-column-gap-no\">\n\t\t\t\t\t<div class=\"elementor-column elementor-col-100 elementor-inner-column elementor-element elementor-element-48687e1\" data-id=\"48687e1\" data-element_type=\"column\">\n\t\t\t<div class=\"elementor-widget-wrap elementor-element-populated\">\n\t\t\t\t\t\t<div class=\"elementor-element elementor-element-09e58a8 elementor-widget elementor-widget-spacer\" data-id=\"09e58a8\" data-element_type=\"widget\" data-widget_type=\"spacer.default\">\n\t\t\t\t<div class=\"elementor-widget-container\">\n\t\t\t\t\t\t\t<div class=\"elementor-spacer\">\n\t\t\t<div class=\"elementor-spacer-inner\"><\/div>\n\t\t<\/div>\n\t\t\t\t\t\t<\/div>\n\t\t\t\t<\/div>\n\t\t\t\t\t<\/div>\n\t\t<\/div>\n\t\t\t\t\t<\/div>\n\t\t<\/section>\n\t\t\t\t<section class=\"elementor-section elementor-inner-section elementor-element elementor-element-a9ca1e6 elementor-section-boxed elementor-section-height-default elementor-section-height-default\" data-id=\"a9ca1e6\" data-element_type=\"section\">\n\t\t\t\t\t\t<div class=\"elementor-container elementor-column-gap-no\">\n\t\t\t\t\t<div class=\"elementor-column elementor-col-33 elementor-inner-column elementor-element elementor-element-7cf5f78\" data-id=\"7cf5f78\" data-element_type=\"column\">\n\t\t\t<div class=\"elementor-widget-wrap elementor-element-populated\">\n\t\t\t\t\t\t<div class=\"elementor-element elementor-element-8cf7f78 elementor-position-top elementor-widget elementor-widget-image-box\" data-id=\"8cf7f78\" data-element_type=\"widget\" data-widget_type=\"image-box.default\">\n\t\t\t\t<div class=\"elementor-widget-container\">\n\t\t\t\t\t<div class=\"elementor-image-box-wrapper\"><figure class=\"elementor-image-box-img\"><img decoding=\"async\" width=\"150\" height=\"150\" src=\"http:\/\/kolonihavenet.dk\/wp-content\/uploads\/2025\/03\/globus-1-150x150.png\" class=\"attachment-thumbnail size-thumbnail wp-image-2499\" alt=\"\" srcset=\"https:\/\/kolonihavenet.dk\/wp-content\/uploads\/2025\/03\/globus-1-150x150.png 150w, https:\/\/kolonihavenet.dk\/wp-content\/uploads\/2025\/03\/globus-1-300x300.png 300w, https:\/\/kolonihavenet.dk\/wp-content\/uploads\/2025\/03\/globus-1.png 512w\" sizes=\"(max-width: 150px) 100vw, 150px\" \/><\/figure><div class=\"elementor-image-box-content\"><h3 class=\"elementor-image-box-title\">F\u00e5 internet til din forening<\/h3><p class=\"elementor-image-box-description\">Bestyrelsen skal kontakte Kolonihavenet for mere information.<\/p><\/div><\/div>\t\t\t\t<\/div>\n\t\t\t\t<\/div>\n\t\t\t\t<div class=\"elementor-element elementor-element-16dd58b elementor-widget elementor-widget-spacer\" data-id=\"16dd58b\" data-element_type=\"widget\" data-widget_type=\"spacer.default\">\n\t\t\t\t<div class=\"elementor-widget-container\">\n\t\t\t\t\t\t\t<div class=\"elementor-spacer\">\n\t\t\t<div class=\"elementor-spacer-inner\"><\/div>\n\t\t<\/div>\n\t\t\t\t\t\t<\/div>\n\t\t\t\t<\/div>\n\t\t\t\t\t<\/div>\n\t\t<\/div>\n\t\t\t\t<div class=\"elementor-column elementor-col-33 elementor-inner-column elementor-element elementor-element-7604ed8\" data-id=\"7604ed8\" data-element_type=\"column\">\n\t\t\t<div class=\"elementor-widget-wrap elementor-element-populated\">\n\t\t\t\t\t\t<div class=\"elementor-element elementor-element-ffabdeb elementor-position-top elementor-widget elementor-widget-image-box\" data-id=\"ffabdeb\" data-element_type=\"widget\" data-widget_type=\"image-box.default\">\n\t\t\t\t<div class=\"elementor-widget-container\">\n\t\t\t\t\t<div class=\"elementor-image-box-wrapper\"><figure class=\"elementor-image-box-img\"><img decoding=\"async\" width=\"150\" height=\"150\" src=\"http:\/\/kolonihavenet.dk\/wp-content\/uploads\/2025\/03\/callcc-1-150x150.png\" class=\"attachment-thumbnail size-thumbnail wp-image-2500\" alt=\"\" srcset=\"https:\/\/kolonihavenet.dk\/wp-content\/uploads\/2025\/03\/callcc-1-150x150.png 150w, https:\/\/kolonihavenet.dk\/wp-content\/uploads\/2025\/03\/callcc-1-300x300.png 300w, https:\/\/kolonihavenet.dk\/wp-content\/uploads\/2025\/03\/callcc-1.png 310w\" sizes=\"(max-width: 150px) 100vw, 150px\" \/><\/figure><div class=\"elementor-image-box-content\"><h3 class=\"elementor-image-box-title\">Har du brug for hj\u00e6lp?<\/h3><p class=\"elementor-image-box-description\">Vi st\u00e5r klar til at modtage dit opkald alle hverdage fra 9:30 - 17:30 - tlf.3222 2990<\/p><\/div><\/div>\t\t\t\t<\/div>\n\t\t\t\t<\/div>\n\t\t\t\t<div class=\"elementor-element elementor-element-bebbf47 elementor-widget elementor-widget-spacer\" data-id=\"bebbf47\" data-element_type=\"widget\" data-widget_type=\"spacer.default\">\n\t\t\t\t<div class=\"elementor-widget-container\">\n\t\t\t\t\t\t\t<div class=\"elementor-spacer\">\n\t\t\t<div class=\"elementor-spacer-inner\"><\/div>\n\t\t<\/div>\n\t\t\t\t\t\t<\/div>\n\t\t\t\t<\/div>\n\t\t\t\t\t<\/div>\n\t\t<\/div>\n\t\t\t\t<div class=\"elementor-column elementor-col-33 elementor-inner-column elementor-element elementor-element-651f3c8\" data-id=\"651f3c8\" data-element_type=\"column\">\n\t\t\t<div class=\"elementor-widget-wrap elementor-element-populated\">\n\t\t\t\t\t\t<div class=\"elementor-element elementor-element-da4af65 elementor-position-top elementor-widget elementor-widget-image-box\" data-id=\"da4af65\" data-element_type=\"widget\" data-widget_type=\"image-box.default\">\n\t\t\t\t<div class=\"elementor-widget-container\">\n\t\t\t\t\t<div class=\"elementor-image-box-wrapper\"><figure class=\"elementor-image-box-img\"><img decoding=\"async\" width=\"150\" height=\"150\" src=\"http:\/\/kolonihavenet.dk\/wp-content\/uploads\/2025\/03\/mail-1-1-150x150.png\" class=\"attachment-thumbnail size-thumbnail wp-image-2501\" alt=\"\" srcset=\"https:\/\/kolonihavenet.dk\/wp-content\/uploads\/2025\/03\/mail-1-1-150x150.png 150w, https:\/\/kolonihavenet.dk\/wp-content\/uploads\/2025\/03\/mail-1-1-300x300.png 300w, https:\/\/kolonihavenet.dk\/wp-content\/uploads\/2025\/03\/mail-1-1.png 512w\" sizes=\"(max-width: 150px) 100vw, 150px\" \/><\/figure><div class=\"elementor-image-box-content\"><h3 class=\"elementor-image-box-title\">F\u00e5 svar p\u00e5 dine sp\u00f8rgsm\u00e5l<\/h3><p class=\"elementor-image-box-description\">Vi st\u00e5r altid til r\u00e5dighed via Email - ogs\u00e5 uden for normal \u00e5bningstid<\/p><\/div><\/div>\t\t\t\t<\/div>\n\t\t\t\t<\/div>\n\t\t\t\t<div class=\"elementor-element elementor-element-b293c1a elementor-widget elementor-widget-spacer\" data-id=\"b293c1a\" data-element_type=\"widget\" data-widget_type=\"spacer.default\">\n\t\t\t\t<div class=\"elementor-widget-container\">\n\t\t\t\t\t\t\t<div class=\"elementor-spacer\">\n\t\t\t<div class=\"elementor-spacer-inner\"><\/div>\n\t\t<\/div>\n\t\t\t\t\t\t<\/div>\n\t\t\t\t<\/div>\n\t\t\t\t\t<\/div>\n\t\t<\/div>\n\t\t\t\t\t<\/div>\n\t\t<\/section>\n\t\t\t\t<section class=\"elementor-section elementor-inner-section elementor-element elementor-element-65ef982 elementor-section-boxed elementor-section-height-default elementor-section-height-default\" data-id=\"65ef982\" data-element_type=\"section\">\n\t\t\t\t\t\t<div class=\"elementor-container elementor-column-gap-no\">\n\t\t\t\t\t<div class=\"elementor-column elementor-col-33 elementor-inner-column elementor-element elementor-element-afd3386\" data-id=\"afd3386\" data-element_type=\"column\" data-settings=\"{&quot;background_background&quot;:&quot;classic&quot;}\">\n\t\t\t<div class=\"elementor-widget-wrap elementor-element-populated\">\n\t\t\t\t\t\t<div class=\"elementor-element elementor-element-5bba434 elementor-widget elementor-widget-image\" data-id=\"5bba434\" data-element_type=\"widget\" data-widget_type=\"image.default\">\n\t\t\t\t<div class=\"elementor-widget-container\">\n\t\t\t\t\t\t\t\t\t\t\t\t\t\t\t<img loading=\"lazy\" decoding=\"async\" width=\"768\" height=\"503\" src=\"http:\/\/kolonihavenet.dk\/wp-content\/uploads\/2025\/03\/260829-P4K27L-2203-scaled-2-768x503.jpg\" class=\"attachment-medium_large size-medium_large wp-image-2502\" alt=\"\" srcset=\"http:\/\/kolonihavenet.dk\/wp-content\/uploads\/2025\/03\/260829-P4K27L-2203-scaled-2-768x503.jpg 768w, http:\/\/kolonihavenet.dk\/wp-content\/uploads\/2025\/03\/260829-P4K27L-2203-scaled-2-300x196.jpg 300w, http:\/\/kolonihavenet.dk\/wp-content\/uploads\/2025\/03\/260829-P4K27L-2203-scaled-2-1024x670.jpg 1024w, http:\/\/kolonihavenet.dk\/wp-content\/uploads\/2025\/03\/260829-P4K27L-2203-scaled-2-1536x1005.jpg 1536w, http:\/\/kolonihavenet.dk\/wp-content\/uploads\/2025\/03\/260829-P4K27L-2203-scaled-2-2048x1340.jpg 2048w\" sizes=\"(max-width: 768px) 100vw, 768px\" \/>\t\t\t\t\t\t\t\t\t\t\t\t\t\t\t<\/div>\n\t\t\t\t<\/div>\n\t\t\t\t<div class=\"elementor-element elementor-element-3c5d6c3 elementor-widget elementor-widget-heading\" data-id=\"3c5d6c3\" data-element_type=\"widget\" data-widget_type=\"heading.default\">\n\t\t\t\t<div class=\"elementor-widget-container\">\n\t\t\t\t\t<h3 class=\"elementor-heading-title elementor-size-default\">200\/200 Mbit 100 kr\/md<\/h3>\t\t\t\t<\/div>\n\t\t\t\t<\/div>\n\t\t\t\t<div class=\"elementor-element elementor-element-a4d9edb elementor-widget elementor-widget-text-editor\" data-id=\"a4d9edb\" data-element_type=\"widget\" data-widget_type=\"text-editor.default\">\n\t\t\t\t<div class=\"elementor-widget-container\">\n\t\t\t\t\t\t\t\t\t<p style=\"text-align: center;\"><span style=\"color: #666565;\">Nok til dagligdagen, streaming og alt andet!<\/span><\/p>\t\t\t\t\t\t\t\t<\/div>\n\t\t\t\t<\/div>\n\t\t\t\t\t<\/div>\n\t\t<\/div>\n\t\t\t\t<div class=\"elementor-column elementor-col-33 elementor-inner-column elementor-element elementor-element-dd38d96\" data-id=\"dd38d96\" data-element_type=\"column\" data-settings=\"{&quot;background_background&quot;:&quot;classic&quot;}\">\n\t\t\t<div class=\"elementor-widget-wrap elementor-element-populated\">\n\t\t\t\t\t\t<div class=\"elementor-element elementor-element-997a20d elementor-widget elementor-widget-image\" data-id=\"997a20d\" data-element_type=\"widget\" data-widget_type=\"image.default\">\n\t\t\t\t<div class=\"elementor-widget-container\">\n\t\t\t\t\t\t\t\t\t\t\t\t\t\t\t<img loading=\"lazy\" decoding=\"async\" width=\"768\" height=\"501\" src=\"http:\/\/kolonihavenet.dk\/wp-content\/uploads\/2025\/03\/2306420-3-scaled-2-768x501.jpg\" class=\"attachment-medium_large size-medium_large wp-image-2503\" alt=\"\" srcset=\"http:\/\/kolonihavenet.dk\/wp-content\/uploads\/2025\/03\/2306420-3-scaled-2-768x501.jpg 768w, http:\/\/kolonihavenet.dk\/wp-content\/uploads\/2025\/03\/2306420-3-scaled-2-300x196.jpg 300w, http:\/\/kolonihavenet.dk\/wp-content\/uploads\/2025\/03\/2306420-3-scaled-2-1024x668.jpg 1024w, http:\/\/kolonihavenet.dk\/wp-content\/uploads\/2025\/03\/2306420-3-scaled-2-1536x1001.jpg 1536w, http:\/\/kolonihavenet.dk\/wp-content\/uploads\/2025\/03\/2306420-3-scaled-2-2048x1335.jpg 2048w\" sizes=\"(max-width: 768px) 100vw, 768px\" \/>\t\t\t\t\t\t\t\t\t\t\t\t\t\t\t<\/div>\n\t\t\t\t<\/div>\n\t\t\t\t<div class=\"elementor-element elementor-element-1f28b51 elementor-widget elementor-widget-heading\" data-id=\"1f28b51\" data-element_type=\"widget\" data-widget_type=\"heading.default\">\n\t\t\t\t<div class=\"elementor-widget-container\">\n\t\t\t\t\t<h3 class=\"elementor-heading-title elementor-size-default\">1000\/1000 Mbit 200 kr\/md<\/h3>\t\t\t\t<\/div>\n\t\t\t\t<\/div>\n\t\t\t\t<div class=\"elementor-element elementor-element-d5500ef elementor-widget elementor-widget-text-editor\" data-id=\"d5500ef\" data-element_type=\"widget\" data-widget_type=\"text-editor.default\">\n\t\t\t\t<div class=\"elementor-widget-container\">\n\t\t\t\t\t\t\t\t\t<p style=\"text-align: center;\"><span style=\"color: #666565;\">Til dig der ikke vil g\u00e5 p\u00e5 kompromis med hastigheden<\/span><\/p>\t\t\t\t\t\t\t\t<\/div>\n\t\t\t\t<\/div>\n\t\t\t\t\t<\/div>\n\t\t<\/div>\n\t\t\t\t<div class=\"elementor-column elementor-col-33 elementor-inner-column elementor-element elementor-element-dd5fb23\" data-id=\"dd5fb23\" data-element_type=\"column\" data-settings=\"{&quot;background_background&quot;:&quot;classic&quot;}\">\n\t\t\t<div class=\"elementor-widget-wrap elementor-element-populated\">\n\t\t\t\t\t\t<div class=\"elementor-element elementor-element-84cdf16 elementor-widget elementor-widget-image\" data-id=\"84cdf16\" data-element_type=\"widget\" data-widget_type=\"image.default\">\n\t\t\t\t<div class=\"elementor-widget-container\">\n\t\t\t\t\t\t\t\t\t\t\t\t\t\t\t<img loading=\"lazy\" decoding=\"async\" width=\"768\" height=\"503\" src=\"http:\/\/kolonihavenet.dk\/wp-content\/uploads\/2025\/03\/playmaker-768x503.jpg\" class=\"attachment-medium_large size-medium_large wp-image-2507\" alt=\"\" srcset=\"http:\/\/kolonihavenet.dk\/wp-content\/uploads\/2025\/03\/playmaker-768x503.jpg 768w, http:\/\/kolonihavenet.dk\/wp-content\/uploads\/2025\/03\/playmaker-300x196.jpg 300w, http:\/\/kolonihavenet.dk\/wp-content\/uploads\/2025\/03\/playmaker-1024x670.jpg 1024w, http:\/\/kolonihavenet.dk\/wp-content\/uploads\/2025\/03\/playmaker-1536x1005.jpg 1536w, http:\/\/kolonihavenet.dk\/wp-content\/uploads\/2025\/03\/playmaker-2048x1340.jpg 2048w\" sizes=\"(max-width: 768px) 100vw, 768px\" \/>\t\t\t\t\t\t\t\t\t\t\t\t\t\t\t<\/div>\n\t\t\t\t<\/div>\n\t\t\t\t<div class=\"elementor-element elementor-element-93912a7 elementor-widget elementor-widget-heading\" data-id=\"93912a7\" data-element_type=\"widget\" data-widget_type=\"heading.default\">\n\t\t\t\t<div class=\"elementor-widget-container\">\n\t\t\t\t\t<h3 class=\"elementor-heading-title elementor-size-default\">Web-tv fra 74 kr\/md<\/h3>\t\t\t\t<\/div>\n\t\t\t\t<\/div>\n\t\t\t\t<div class=\"elementor-element elementor-element-bbee564 elementor-widget elementor-widget-text-editor\" data-id=\"bbee564\" data-element_type=\"widget\" data-widget_type=\"text-editor.default\">\n\t\t\t\t<div class=\"elementor-widget-container\">\n\t\t\t\t\t\t\t\t\t<p style=\"text-align: center;\"><span style=\"color: #666565;\">Web-tv pakker leveret af Sundbynet<br \/><\/span><\/p>\t\t\t\t\t\t\t\t<\/div>\n\t\t\t\t<\/div>\n\t\t\t\t\t<\/div>\n\t\t<\/div>\n\t\t\t\t\t<\/div>\n\t\t<\/section>\n\t\t\t\t\t<\/div>\n\t\t<\/div>\n\t\t\t\t\t<\/div>\n\t\t<\/section>\n\t\t\t\t<section class=\"elementor-section elementor-top-section elementor-element elementor-element-21eb6b74 elementor-section-stretched elementor-section-boxed elementor-section-height-default elementor-section-height-default\" data-id=\"21eb6b74\" data-element_type=\"section\" id=\"header_footer_builder\" data-settings=\"{&quot;background_background&quot;:&quot;classic&quot;,&quot;stretch_section&quot;:&quot;section-stretched&quot;}\">\n\t\t\t\t\t\t<div class=\"elementor-container elementor-column-gap-default\">\n\t\t\t\t\t<div class=\"elementor-column elementor-col-50 elementor-top-column elementor-element elementor-element-b8e2544\" data-id=\"b8e2544\" data-element_type=\"column\">\n\t\t\t<div class=\"elementor-widget-wrap\">\n\t\t\t\t\t\t\t<\/div>\n\t\t<\/div>\n\t\t\t\t<div class=\"elementor-column elementor-col-50 elementor-top-column elementor-element elementor-element-69bd9c8\" data-id=\"69bd9c8\" data-element_type=\"column\">\n\t\t\t<div class=\"elementor-widget-wrap\">\n\t\t\t\t\t\t\t<\/div>\n\t\t<\/div>\n\t\t\t\t\t<\/div>\n\t\t<\/section>\n\t\t\t\t<\/div>\n\t\t","protected":false},"excerpt":{"rendered":"<p>Kolonihavenet.dk Lynhurtigt internet, fast lav pris F\u00e5 internet til din forening Bestyrelsen skal kontakte Kolonihavenet for mere information. Har du brug for hj\u00e6lp? Vi st\u00e5r klar til at modtage dit opkald alle hverdage fra 9:30 &#8211; 17:30 &#8211; tlf.3222 2990 F\u00e5 svar p\u00e5 dine sp\u00f8rgsm\u00e5l Vi st\u00e5r altid til r\u00e5dighed via Email &#8211; ogs\u00e5 uden [&hellip;]<\/p>\n","protected":false},"author":1,"featured_media":0,"parent":0,"menu_order":0,"comment_status":"closed","ping_status":"closed","template":"","meta":{"footnotes":""},"class_list":["post-1394","page","type-page","status-publish","hentry"],"_links":{"self":[{"href":"https:\/\/kolonihavenet.dk\/index.php\/wp-json\/wp\/v2\/pages\/1394","targetHints":{"allow":["GET"]}}],"collection":[{"href":"https:\/\/kolonihavenet.dk\/index.php\/wp-json\/wp\/v2\/pages"}],"about":[{"href":"https:\/\/kolonihavenet.dk\/index.php\/wp-json\/wp\/v2\/types\/page"}],"author":[{"embeddable":true,"href":"https:\/\/kolonihavenet.dk\/index.php\/wp-json\/wp\/v2\/users\/1"}],"replies":[{"embeddable":true,"href":"https:\/\/kolonihavenet.dk\/index.php\/wp-json\/wp\/v2\/comments?post=1394"}],"version-history":[{"count":30,"href":"https:\/\/kolonihavenet.dk\/index.php\/wp-json\/wp\/v2\/pages\/1394\/revisions"}],"predecessor-version":[{"id":2510,"href":"https:\/\/kolonihavenet.dk\/index.php\/wp-json\/wp\/v2\/pages\/1394\/revisions\/2510"}],"wp:attachment":[{"href":"https:\/\/kolonihavenet.dk\/index.php\/wp-json\/wp\/v2\/media?parent=1394"}],"curies":[{"name":"wp","href":"https:\/\/api.w.org\/{rel}","templated":true}]}}